{"id":14666,"date":"2024-10-07T10:08:05","date_gmt":"2024-10-07T08:08:05","guid":{"rendered":"https:\/\/loaniconsulting.es\/servicios\/servicios-para-sociedades\/"},"modified":"2024-11-08T13:05:14","modified_gmt":"2024-11-08T12:05:14","slug":"serveis-per-a-societats","status":"publish","type":"page","link":"https:\/\/loaniconsulting.es\/ca\/serveis\/serveis-per-a-societats\/","title":{"rendered":"Serveis per a societats"},"content":{"rendered":"\t\t<div data-elementor-type=\"wp-page\" data-elementor-id=\"14666\" class=\"elementor elementor-14666 elementor-12856\" data-elementor-post-type=\"page\">\n\t\t\t\t\t\t<section class=\"elementor-section elementor-top-section elementor-element elementor-element-f304f1e elementor-section-boxed elementor-section-height-default elementor-section-height-default\" data-id=\"f304f1e\" data-element_type=\"section\">\n\t\t\t\t\t\t<div class=\"elementor-container elementor-column-gap-wider\">\n\t\t\t\t\t<div class=\"elementor-column elementor-col-50 elementor-top-column elementor-element elementor-element-3931545\" data-id=\"3931545\" data-element_type=\"column\">\n\t\t\t<div class=\"elementor-widget-wrap elementor-element-populated\">\n\t\t\t\t\t\t<div class=\"elementor-element elementor-element-9891cbf icon-position-mobile-top icon-vertical-align-center icon-vertical-align-mobile-start content-align-left icon-box-vertical-align-top icon-position-left elementor-invisible elementor-widget elementor-widget-the7_icon_box_grid_widget\" data-id=\"9891cbf\" data-element_type=\"widget\" data-settings=\"{&quot;_animation&quot;:&quot;fadeInLeft&quot;}\" data-widget_type=\"the7_icon_box_grid_widget.default\">\n\t\t\t\t<div class=\"elementor-widget-container\">\n\t\t\t\t\t<div class=\"the7-box-grid-wrapper the7-elementor-widget loading-effect-none the7_icon_box_grid_widget-9891cbf\">\t\t\t<div class=\"dt-css-grid\">\n\t\t\t\t\t\t\t\t\t<div class=\"wf-cell shown\">\n\t\t\t\t\t\t<div class=\"the7-icon-box-grid\">\t\t\t\t\t\t\t<div class=\"box-content-wrapper\">\n\t\t\t\t\t\t\t\t\t\t\t\t\t\t\t\t\t<a class=\"elementor-icon-div\" href=\"\/ca\/serveis\/constitucio-de-societats-en-78h\" aria-label=\"Constituci\u00f3 de Societats\">\t\t\t\t\t\t\t\t\t\t<div class=\"elementor-icon\">\n\t\t\t\t\t\t\t\t\t\t\t<svg xmlns=\"http:\/\/www.w3.org\/2000\/svg\" viewBox=\"0 0 24 24\" width=\"24\" height=\"24\"><path fill=\"none\" d=\"M0 0h24v24H0z\"><\/path><path d=\"M14 1.5V22h-2V3.704L7.5 4.91V2.839l5-1.339z\"><\/path><\/svg>\t\t\t\t\t\t\t\t\t\t<\/div>\n\t\t\t\t\t\t\t\t\t<\/a>\t\t\t\t\t\t\t\t\t\t\t\t\t\t\t\t<div class=\"box-content\">\n\t\t\t\t\t\t\t\t\t\t\t\t\t\t\t\t\t\t\t\t\t\t\t\t\t\t\t\t\t<h5 class=\"box-heading\">\n\t\t\t\t\t\t\t\t\t\t\t<a href=\"\/ca\/serveis\/constitucio-de-societats-en-78h\" aria-label=\"Constituci\u00f3 de Societats\">\t\t\t\t\t\t\t\t\t\t\t\tConstituci\u00f3 de Societats\t\t\t\t\t\t\t\t\t\t\t<\/a>\t\t\t\t\t\t\t\t\t\t<\/h5>\n\t\t\t\t\t\t\t\t\t\t\t\t\t\t\t\t\t\t\t\t\t\t\t\t\t\t\t\t<div class=\"box-description\">Creaci\u00f3 r\u00e0pida i eficient de la teva empresa.<\/div>\n\t\t\t\t\t\t\t\t\t\t\t\t\t\t\t\t\t\t<a href=\"\/ca\/serveis\/constitucio-de-societats-en-78h\" aria-label=\"Constituci\u00f3 de Societats\" class=\"box-button elementor-button elementor-size-xs\">Saber m\u00e9s<\/a>\t\t\t\t\t\t\t\t<\/div>\n\t\t\t\t\t\t\t<\/div>\n\t\t\t\t\t\t<\/div>\t\t\t\t\t<\/div>\n\t\t\t\t\t\t\t\t\t<div class=\"wf-cell shown\">\n\t\t\t\t\t\t<div class=\"the7-icon-box-grid\">\t\t\t\t\t\t\t<div class=\"box-content-wrapper\">\n\t\t\t\t\t\t\t\t\t\t\t\t\t\t\t\t\t<a class=\"elementor-icon-div\" href=\"\/ca\/serveis\/assessoria-mercantil\" aria-label=\"Assessoria Mercantil\">\t\t\t\t\t\t\t\t\t\t<div class=\"elementor-icon\">\n\t\t\t\t\t\t\t\t\t\t\t<svg xmlns=\"http:\/\/www.w3.org\/2000\/svg\" viewBox=\"0 0 24 24\" width=\"24\" height=\"24\"><path fill=\"none\" d=\"M0 0h24v24H0z\"><\/path><path d=\"M16 7.5a4 4 0 1 0-8 0H6a6 6 0 1 1 10.663 3.776l-7.32 8.723L18 20v2H6v-1.127l9.064-10.802A3.982 3.982 0 0 0 16 7.5z\"><\/path><\/svg>\t\t\t\t\t\t\t\t\t\t<\/div>\n\t\t\t\t\t\t\t\t\t<\/a>\t\t\t\t\t\t\t\t\t\t\t\t\t\t\t\t<div class=\"box-content\">\n\t\t\t\t\t\t\t\t\t\t\t\t\t\t\t\t\t\t\t\t\t\t\t\t\t\t\t\t\t<h5 class=\"box-heading\">\n\t\t\t\t\t\t\t\t\t\t\t<a href=\"\/ca\/serveis\/assessoria-mercantil\" aria-label=\"Assessoria Mercantil\">\t\t\t\t\t\t\t\t\t\t\t\tAssessoria Mercantil\t\t\t\t\t\t\t\t\t\t\t<\/a>\t\t\t\t\t\t\t\t\t\t<\/h5>\n\t\t\t\t\t\t\t\t\t\t\t\t\t\t\t\t\t\t\t\t\t\t\t\t\t\t\t\t<div class=\"box-description\">Gesti\u00f3 de societats, planificaci\u00f3 estrat\u00e8gica i compliment normatiu.<\/div>\n\t\t\t\t\t\t\t\t\t\t\t\t\t\t\t\t\t\t<a href=\"\/ca\/serveis\/assessoria-mercantil\" aria-label=\"Assessoria Mercantil\" class=\"box-button elementor-button elementor-size-xs\">Saber m\u00e9s<\/a>\t\t\t\t\t\t\t\t<\/div>\n\t\t\t\t\t\t\t<\/div>\n\t\t\t\t\t\t<\/div>\t\t\t\t\t<\/div>\n\t\t\t\t\t\t\t\t\t<div class=\"wf-cell shown\">\n\t\t\t\t\t\t<div class=\"the7-icon-box-grid\">\t\t\t\t\t\t\t<div class=\"box-content-wrapper\">\n\t\t\t\t\t\t\t\t\t\t\t\t\t\t\t\t\t<a class=\"elementor-icon-div\" href=\"\/ca\/serveis\/assessoria-fiscal\" aria-label=\"Assessoria Fiscal\">\t\t\t\t\t\t\t\t\t\t<div class=\"elementor-icon\">\n\t\t\t\t\t\t\t\t\t\t\t<svg xmlns=\"http:\/\/www.w3.org\/2000\/svg\" viewBox=\"0 0 24 24\" width=\"24\" height=\"24\"><path fill=\"none\" d=\"M0 0h24v24H0z\"><\/path><path d=\"M18 2v1.362L12.809 9.55a6.501 6.501 0 1 1-7.116 8.028l1.94-.486A4.502 4.502 0 0 0 16.5 16a4.5 4.5 0 0 0-6.505-4.03l-.228.122-.69-1.207L14.855 4 6.5 4V2H18z\"><\/path><\/svg>\t\t\t\t\t\t\t\t\t\t<\/div>\n\t\t\t\t\t\t\t\t\t<\/a>\t\t\t\t\t\t\t\t\t\t\t\t\t\t\t\t<div class=\"box-content\">\n\t\t\t\t\t\t\t\t\t\t\t\t\t\t\t\t\t\t\t\t\t\t\t\t\t\t\t\t\t<h5 class=\"box-heading\">\n\t\t\t\t\t\t\t\t\t\t\t<a href=\"\/ca\/serveis\/assessoria-fiscal\" aria-label=\"Assessoria Fiscal\">\t\t\t\t\t\t\t\t\t\t\t\tAssessoria Fiscal\t\t\t\t\t\t\t\t\t\t\t<\/a>\t\t\t\t\t\t\t\t\t\t<\/h5>\n\t\t\t\t\t\t\t\t\t\t\t\t\t\t\t\t\t\t\t\t\t\t\t\t\t\t\t\t<div class=\"box-description\">Gesti\u00f3 fiscal completa per a empreses, optimitzaci\u00f3 i compliment.<\/div>\n\t\t\t\t\t\t\t\t\t\t\t\t\t\t\t\t\t\t<a href=\"\/ca\/serveis\/assessoria-fiscal\" aria-label=\"Assessoria Fiscal\" class=\"box-button elementor-button elementor-size-xs\">Saber m\u00e9s<\/a>\t\t\t\t\t\t\t\t<\/div>\n\t\t\t\t\t\t\t<\/div>\n\t\t\t\t\t\t<\/div>\t\t\t\t\t<\/div>\n\t\t\t\t\t\t\t\t\t<div class=\"wf-cell shown\">\n\t\t\t\t\t\t<div class=\"the7-icon-box-grid\">\t\t\t\t\t\t\t<div class=\"box-content-wrapper\">\n\t\t\t\t\t\t\t\t\t\t\t\t\t\t\t\t\t<a class=\"elementor-icon-div\" href=\"\/ca\/serveis\/assessoria-comptable\" aria-label=\"Assessoria Comptable\">\t\t\t\t\t\t\t\t\t\t<div class=\"elementor-icon\">\n\t\t\t\t\t\t\t\t\t\t\t<svg xmlns=\"http:\/\/www.w3.org\/2000\/svg\" viewBox=\"0 0 24 24\" width=\"24\" height=\"24\"><path fill=\"none\" d=\"M0 0h24v24H0z\"><\/path><path d=\"M16 1.5V16h3v2h-3v4h-2v-4H4v-1.102L14 1.5h2zM14 16V5.171L6.968 16H14z\"><\/path><\/svg>\t\t\t\t\t\t\t\t\t\t<\/div>\n\t\t\t\t\t\t\t\t\t<\/a>\t\t\t\t\t\t\t\t\t\t\t\t\t\t\t\t<div class=\"box-content\">\n\t\t\t\t\t\t\t\t\t\t\t\t\t\t\t\t\t\t\t\t\t\t\t\t\t\t\t\t\t<h5 class=\"box-heading\">\n\t\t\t\t\t\t\t\t\t\t\t<a href=\"\/ca\/serveis\/assessoria-comptable\" aria-label=\"Assessoria Comptable\">\t\t\t\t\t\t\t\t\t\t\t\tAssessoria Comptable\t\t\t\t\t\t\t\t\t\t\t<\/a>\t\t\t\t\t\t\t\t\t\t<\/h5>\n\t\t\t\t\t\t\t\t\t\t\t\t\t\t\t\t\t\t\t\t\t\t\t\t\t\t\t\t<div class=\"box-description\">Control comptable exhaustiu i prec\u00eds per a una visi\u00f3 clara del negoci.<\/div>\n\t\t\t\t\t\t\t\t\t\t\t\t\t\t\t\t\t\t<a href=\"\/ca\/serveis\/assessoria-comptable\" aria-label=\"Assessoria Comptable\" class=\"box-button elementor-button elementor-size-xs\">Saber m\u00e9s<\/a>\t\t\t\t\t\t\t\t<\/div>\n\t\t\t\t\t\t\t<\/div>\n\t\t\t\t\t\t<\/div>\t\t\t\t\t<\/div>\n\t\t\t\t\t\t\t\t\t<div class=\"wf-cell shown\">\n\t\t\t\t\t\t<div class=\"the7-icon-box-grid\">\t\t\t\t\t\t\t<div class=\"box-content-wrapper\">\n\t\t\t\t\t\t\t\t\t\t\t\t\t\t\t\t\t<a class=\"elementor-icon-div\" href=\"\/ca\/serveis\/assessoria-laboral\" aria-label=\"Assessoria Laboral\">\t\t\t\t\t\t\t\t\t\t<div class=\"elementor-icon\">\n\t\t\t\t\t\t\t\t\t\t\t<svg xmlns=\"http:\/\/www.w3.org\/2000\/svg\" viewBox=\"0 0 24 24\" width=\"24\" height=\"24\"><path fill=\"none\" d=\"M0 0h24v24H0z\"><\/path><path d=\"M18 2v2H9.3l-.677 6.445a6.5 6.5 0 1 1-2.93 7.133l1.94-.486A4.502 4.502 0 0 0 16.5 16a4.5 4.5 0 0 0-4.5-4.5c-2.022 0-3.278.639-3.96 1.53l-1.575-1.182L7.5 2H18z\"><\/path><\/svg>\t\t\t\t\t\t\t\t\t\t<\/div>\n\t\t\t\t\t\t\t\t\t<\/a>\t\t\t\t\t\t\t\t\t\t\t\t\t\t\t\t<div class=\"box-content\">\n\t\t\t\t\t\t\t\t\t\t\t\t\t\t\t\t\t\t\t\t\t\t\t\t\t\t\t\t\t<h5 class=\"box-heading\">\n\t\t\t\t\t\t\t\t\t\t\t<a href=\"\/ca\/serveis\/assessoria-laboral\" aria-label=\"Assessoria Laboral\">\t\t\t\t\t\t\t\t\t\t\t\tAssessoria Laboral\t\t\t\t\t\t\t\t\t\t\t<\/a>\t\t\t\t\t\t\t\t\t\t<\/h5>\n\t\t\t\t\t\t\t\t\t\t\t\t\t\t\t\t\t\t\t\t\t\t\t\t\t\t\t\t<div class=\"box-description\">Gesti\u00f3 de treballadors, n\u00f2mines i relacions laborals dins de lempresa.<\/div>\n\t\t\t\t\t\t\t\t\t\t\t\t\t\t\t\t\t\t<a href=\"\/ca\/serveis\/assessoria-laboral\" aria-label=\"Assessoria Laboral\" class=\"box-button elementor-button elementor-size-xs\">Saber m\u00e9s<\/a>\t\t\t\t\t\t\t\t<\/div>\n\t\t\t\t\t\t\t<\/div>\n\t\t\t\t\t\t<\/div>\t\t\t\t\t<\/div>\n\t\t\t\t\t\t\t\t\t<div class=\"wf-cell shown\">\n\t\t\t\t\t\t<div class=\"the7-icon-box-grid\">\t\t\t\t\t\t\t<div class=\"box-content-wrapper\">\n\t\t\t\t\t\t\t\t\t\t\t\t\t\t\t\t\t<a class=\"elementor-icon-div\" href=\"\/ca\/serveis\/assessoria-juridica\" aria-label=\"Assessoria Jur\u00eddica\">\t\t\t\t\t\t\t\t\t\t<div class=\"elementor-icon\">\n\t\t\t\t\t\t\t\t\t\t\t<svg xmlns=\"http:\/\/www.w3.org\/2000\/svg\" viewBox=\"0 0 24 24\" width=\"24\" height=\"24\"><path fill=\"none\" d=\"M0 0h24v24H0z\"><\/path><path d=\"M14.886 2l-4.438 7.686A6.5 6.5 0 1 1 6.4 12.7L12.576 2h2.31zM12 11.5a4.5 4.5 0 1 0 0 9 4.5 4.5 0 0 0 0-9z\"><\/path><\/svg>\t\t\t\t\t\t\t\t\t\t<\/div>\n\t\t\t\t\t\t\t\t\t<\/a>\t\t\t\t\t\t\t\t\t\t\t\t\t\t\t\t<div class=\"box-content\">\n\t\t\t\t\t\t\t\t\t\t\t\t\t\t\t\t\t\t\t\t\t\t\t\t\t\t\t\t\t<h5 class=\"box-heading\">\n\t\t\t\t\t\t\t\t\t\t\t<a href=\"\/ca\/serveis\/assessoria-juridica\" aria-label=\"Assessoria Jur\u00eddica\">\t\t\t\t\t\t\t\t\t\t\t\tAssessoria Jur\u00eddica\t\t\t\t\t\t\t\t\t\t\t<\/a>\t\t\t\t\t\t\t\t\t\t<\/h5>\n\t\t\t\t\t\t\t\t\t\t\t\t\t\t\t\t\t\t\t\t\t\t\t\t\t\t\t\t<div class=\"box-description\">Suport legal en conflictes, contractes i aspectes normatius empresarials.<\/div>\n\t\t\t\t\t\t\t\t\t\t\t\t\t\t\t\t\t\t<a href=\"\/ca\/serveis\/assessoria-juridica\" aria-label=\"Assessoria Jur\u00eddica\" class=\"box-button elementor-button elementor-size-xs\">Saber m\u00e9s<\/a>\t\t\t\t\t\t\t\t<\/div>\n\t\t\t\t\t\t\t<\/div>\n\t\t\t\t\t\t<\/div>\t\t\t\t\t<\/div>\n\t\t\t\t\t\t\t\t\t<div class=\"wf-cell shown\">\n\t\t\t\t\t\t<div class=\"the7-icon-box-grid\">\t\t\t\t\t\t\t<div class=\"box-content-wrapper\">\n\t\t\t\t\t\t\t\t\t\t\t\t\t\t\t\t\t<a class=\"elementor-icon-div\" href=\"\/ca\/serveis\/compra-venda-immobiliaria\" aria-label=\"Gesti\u00f3 immobili\u00e0ria\">\t\t\t\t\t\t\t\t\t\t<div class=\"elementor-icon\">\n\t\t\t\t\t\t\t\t\t\t\t<svg xmlns=\"http:\/\/www.w3.org\/2000\/svg\" viewBox=\"0 0 24 24\" width=\"24\" height=\"24\"><path fill=\"none\" d=\"M0 0h24v24H0z\"><\/path><path d=\"M19 2v1.5L10.763 22H8.574l8.013-18H6V2z\"><\/path><\/svg>\t\t\t\t\t\t\t\t\t\t<\/div>\n\t\t\t\t\t\t\t\t\t<\/a>\t\t\t\t\t\t\t\t\t\t\t\t\t\t\t\t<div class=\"box-content\">\n\t\t\t\t\t\t\t\t\t\t\t\t\t\t\t\t\t\t\t\t\t\t\t\t\t\t\t\t\t<h5 class=\"box-heading\">\n\t\t\t\t\t\t\t\t\t\t\t<a href=\"\/ca\/serveis\/compra-venda-immobiliaria\" aria-label=\"Gesti\u00f3 immobili\u00e0ria\">\t\t\t\t\t\t\t\t\t\t\t\tGesti\u00f3 immobili\u00e0ria\t\t\t\t\t\t\t\t\t\t\t<\/a>\t\t\t\t\t\t\t\t\t\t<\/h5>\n\t\t\t\t\t\t\t\t\t\t\t\t\t\t\t\t\t\t\t\t\t\t\t\t\t\t\t\t<div class=\"box-description\">Compra, venda i lloguer de propietats comercials o industrials.<\/div>\n\t\t\t\t\t\t\t\t\t\t\t\t\t\t\t\t\t\t<a href=\"\/ca\/serveis\/compra-venda-immobiliaria\" aria-label=\"Gesti\u00f3 immobili\u00e0ria\" class=\"box-button elementor-button elementor-size-xs\">Saber m\u00e9s<\/a>\t\t\t\t\t\t\t\t<\/div>\n\t\t\t\t\t\t\t<\/div>\n\t\t\t\t\t\t<\/div>\t\t\t\t\t<\/div>\n\t\t\t\t\t\t\t\t\t<div class=\"wf-cell shown\">\n\t\t\t\t\t\t<div class=\"the7-icon-box-grid\">\t\t\t\t\t\t\t<div class=\"box-content-wrapper\">\n\t\t\t\t\t\t\t\t\t\t\t\t\t\t\t\t\t<a class=\"elementor-icon-div\" href=\"\/ca\/serveis\/assessoria-financera\" aria-label=\"Assessoria Financera\">\t\t\t\t\t\t\t\t\t\t<div class=\"elementor-icon\">\n\t\t\t\t\t\t\t\t\t\t\t<svg xmlns=\"http:\/\/www.w3.org\/2000\/svg\" viewBox=\"0 0 24 24\" width=\"24\" height=\"24\"><path fill=\"none\" d=\"M0 0h24v24H0z\"><\/path><path d=\"M12 1.5a5.5 5.5 0 0 1 3.352 9.86C17.24 12.41 18.5 14.32 18.5 16.5c0 3.314-2.91 6-6.5 6s-6.5-2.686-6.5-6c0-2.181 1.261-4.09 3.147-5.141A5.5 5.5 0 0 1 12 1.5zm0 11c-2.52 0-4.5 1.828-4.5 4 0 2.172 1.98 4 4.5 4s4.5-1.828 4.5-4c0-2.172-1.98-4-4.5-4zm0-9a3.5 3.5 0 1 0 0 7 3.5 3.5 0 0 0 0-7z\"><\/path><\/svg>\t\t\t\t\t\t\t\t\t\t<\/div>\n\t\t\t\t\t\t\t\t\t<\/a>\t\t\t\t\t\t\t\t\t\t\t\t\t\t\t\t<div class=\"box-content\">\n\t\t\t\t\t\t\t\t\t\t\t\t\t\t\t\t\t\t\t\t\t\t\t\t\t\t\t\t\t<h5 class=\"box-heading\">\n\t\t\t\t\t\t\t\t\t\t\t<a href=\"\/ca\/serveis\/assessoria-financera\" aria-label=\"Assessoria Financera\">\t\t\t\t\t\t\t\t\t\t\t\tAssessoria Financera\t\t\t\t\t\t\t\t\t\t\t<\/a>\t\t\t\t\t\t\t\t\t\t<\/h5>\n\t\t\t\t\t\t\t\t\t\t\t\t\t\t\t\t\t\t\t\t\t\t\t\t\t\t\t\t<div class=\"box-description\">Planificaci\u00f3 estrat\u00e8gica financera per a creixement i estabilitat empresarial.<\/div>\n\t\t\t\t\t\t\t\t\t\t\t\t\t\t\t\t\t\t<a href=\"\/ca\/serveis\/assessoria-financera\" aria-label=\"Assessoria Financera\" class=\"box-button elementor-button elementor-size-xs\">Saber m\u00e9s<\/a>\t\t\t\t\t\t\t\t<\/div>\n\t\t\t\t\t\t\t<\/div>\n\t\t\t\t\t\t<\/div>\t\t\t\t\t<\/div>\n\t\t\t\t\t\t\t\t\t<div class=\"wf-cell shown\">\n\t\t\t\t\t\t<div class=\"the7-icon-box-grid\">\t\t\t\t\t\t\t<div class=\"box-content-wrapper\">\n\t\t\t\t\t\t\t\t\t\t\t\t\t\t\t\t\t<a class=\"elementor-icon-div\" href=\"\/ca\/serveis\/tramits-de-transit\" aria-label=\"Tr\u00e0mits de Tr\u00e0nsit\">\t\t\t\t\t\t\t\t\t\t<div class=\"elementor-icon\">\n\t\t\t\t\t\t\t\t\t\t\t<svg xmlns=\"http:\/\/www.w3.org\/2000\/svg\" viewBox=\"0 0 24 24\" width=\"24\" height=\"24\"><path fill=\"none\" d=\"M0 0h24v24H0z\"><\/path><path d=\"M12 1.5a6.5 6.5 0 0 1 5.619 9.77l-6.196 10.729H9.114l4.439-7.686A6.5 6.5 0 1 1 12 1.5zm0 2a4.5 4.5 0 1 0 0 9 4.5 4.5 0 0 0 0-9z\"><\/path><\/svg>\t\t\t\t\t\t\t\t\t\t<\/div>\n\t\t\t\t\t\t\t\t\t<\/a>\t\t\t\t\t\t\t\t\t\t\t\t\t\t\t\t<div class=\"box-content\">\n\t\t\t\t\t\t\t\t\t\t\t\t\t\t\t\t\t\t\t\t\t\t\t\t\t\t\t\t\t<h5 class=\"box-heading\">\n\t\t\t\t\t\t\t\t\t\t\t<a href=\"\/ca\/serveis\/tramits-de-transit\" aria-label=\"Tr\u00e0mits de Tr\u00e0nsit\">\t\t\t\t\t\t\t\t\t\t\t\tTr\u00e0mits de Tr\u00e0nsit\t\t\t\t\t\t\t\t\t\t\t<\/a>\t\t\t\t\t\t\t\t\t\t<\/h5>\n\t\t\t\t\t\t\t\t\t\t\t\t\t\t\t\t\t\t\t\t\t\t\t\t\t\t\t\t<div class=\"box-description\">Matriculaci\u00f3, transfer\u00e8ncies i gestions relacionades amb vehicles.<\/div>\n\t\t\t\t\t\t\t\t\t\t\t\t\t\t\t\t\t\t<a href=\"\/ca\/serveis\/tramits-de-transit\" aria-label=\"Tr\u00e0mits de Tr\u00e0nsit\" class=\"box-button elementor-button elementor-size-xs\">Saber m\u00e9s<\/a>\t\t\t\t\t\t\t\t<\/div>\n\t\t\t\t\t\t\t<\/div>\n\t\t\t\t\t\t<\/div>\t\t\t\t\t<\/div>\n\t\t\t\t\t\t\t<\/div>\n\t\t<\/div>\t\t\t\t<\/div>\n\t\t\t\t<\/div>\n\t\t\t\t\t<\/div>\n\t\t<\/div>\n\t\t\t\t<div class=\"elementor-column elementor-col-50 elementor-top-column elementor-element elementor-element-2867d59\" data-id=\"2867d59\" data-element_type=\"column\">\n\t\t\t<div class=\"elementor-widget-wrap elementor-element-populated\">\n\t\t\t\t\t\t<div class=\"elementor-element elementor-element-6ae9b93 elementor-widget elementor-widget-image\" data-id=\"6ae9b93\" data-element_type=\"widget\" data-widget_type=\"image.default\">\n\t\t\t\t<div class=\"elementor-widget-container\">\n\t\t\t\t\t\t\t\t\t\t\t\t\t\t\t<img decoding=\"async\" src=\"https:\/\/loaniconsulting.es\/wp-content\/uploads\/elementor\/thumbs\/Hand-Shake-qwrk8ows2x8mgvd5xd1r0rewjsm7d955sty9v874u8.jpg\" title=\"Hand Shake\" alt=\"Hand Shake\" loading=\"lazy\" \/>\t\t\t\t\t\t\t\t\t\t\t\t\t\t\t<\/div>\n\t\t\t\t<\/div>\n\t\t\t\t<div class=\"elementor-element elementor-element-5470b89 elementor-widget elementor-widget-image\" data-id=\"5470b89\" data-element_type=\"widget\" data-widget_type=\"image.default\">\n\t\t\t\t<div class=\"elementor-widget-container\">\n\t\t\t\t\t\t\t\t\t\t\t\t\t\t\t<img decoding=\"async\" src=\"https:\/\/loaniconsulting.es\/wp-content\/uploads\/elementor\/thumbs\/fiscalidad-qwrk7a5lhfp0cj8dqkdv5gl3yunh2r5zupzefg91b4.jpg\" title=\"fiscalidad\" alt=\"fiscalidad\" loading=\"lazy\" \/>\t\t\t\t\t\t\t\t\t\t\t\t\t\t\t<\/div>\n\t\t\t\t<\/div>\n\t\t\t\t<div class=\"elementor-element elementor-element-6a2d644 elementor-widget elementor-widget-image\" data-id=\"6a2d644\" data-element_type=\"widget\" data-widget_type=\"image.default\">\n\t\t\t\t<div class=\"elementor-widget-container\">\n\t\t\t\t\t\t\t\t\t\t\t\t\t\t\t<img fetchpriority=\"high\" decoding=\"async\" width=\"524\" height=\"467\" src=\"https:\/\/loaniconsulting.es\/wp-content\/uploads\/2024\/10\/favicon.png\" class=\"attachment-full size-full wp-image-13308\" alt=\"\" srcset=\"https:\/\/loaniconsulting.es\/wp-content\/uploads\/2024\/10\/favicon.png 524w, https:\/\/loaniconsulting.es\/wp-content\/uploads\/2024\/10\/favicon-300x267.png 300w\" sizes=\"(max-width: 524px) 100vw, 524px\" \/>\t\t\t\t\t\t\t\t\t\t\t\t\t\t\t<\/div>\n\t\t\t\t<\/div>\n\t\t\t\t\t<\/div>\n\t\t<\/div>\n\t\t\t\t\t<\/div>\n\t\t<\/section>\n\t\t\t\t<\/div>\n\t\t","protected":false},"excerpt":{"rendered":"<p>Constituci\u00f3 de Societats Creaci\u00f3 r\u00e0pida i eficient de la teva empresa. Saber m\u00e9s Assessoria Mercantil Gesti\u00f3 de societats, planificaci\u00f3 estrat\u00e8gica i compliment normatiu. Saber m\u00e9s Assessoria Fiscal Gesti\u00f3 fiscal completa per a empreses, optimitzaci\u00f3 i compliment. Saber m\u00e9s Assessoria Comptable Control comptable exhaustiu i prec\u00eds per a una visi\u00f3 clara del negoci. Saber m\u00e9s Assessoria&hellip;<\/p>\n","protected":false},"author":1,"featured_media":0,"parent":14653,"menu_order":30,"comment_status":"closed","ping_status":"closed","template":"","meta":{"_joinchat":[],"footnotes":""},"class_list":["post-14666","page","type-page","status-publish","hentry"],"_links":{"self":[{"href":"https:\/\/loaniconsulting.es\/ca\/wp-json\/wp\/v2\/pages\/14666","targetHints":{"allow":["GET"]}}],"collection":[{"href":"https:\/\/loaniconsulting.es\/ca\/wp-json\/wp\/v2\/pages"}],"about":[{"href":"https:\/\/loaniconsulting.es\/ca\/wp-json\/wp\/v2\/types\/page"}],"author":[{"embeddable":true,"href":"https:\/\/loaniconsulting.es\/ca\/wp-json\/wp\/v2\/users\/1"}],"replies":[{"embeddable":true,"href":"https:\/\/loaniconsulting.es\/ca\/wp-json\/wp\/v2\/comments?post=14666"}],"version-history":[{"count":0,"href":"https:\/\/loaniconsulting.es\/ca\/wp-json\/wp\/v2\/pages\/14666\/revisions"}],"up":[{"embeddable":true,"href":"https:\/\/loaniconsulting.es\/ca\/wp-json\/wp\/v2\/pages\/14653"}],"wp:attachment":[{"href":"https:\/\/loaniconsulting.es\/ca\/wp-json\/wp\/v2\/media?parent=14666"}],"curies":[{"name":"wp","href":"https:\/\/api.w.org\/{rel}","templated":true}]}}