{"id":14663,"date":"2024-10-07T10:07:28","date_gmt":"2024-10-07T08:07:28","guid":{"rendered":"https:\/\/loaniconsulting.es\/servicios\/servicios-para-particulares\/"},"modified":"2024-11-08T13:03:28","modified_gmt":"2024-11-08T12:03:28","slug":"serveis-per-a-particulars","status":"publish","type":"page","link":"https:\/\/loaniconsulting.es\/ca\/serveis\/serveis-per-a-particulars\/","title":{"rendered":"Serveis per a particulars"},"content":{"rendered":"\t\t<div data-elementor-type=\"wp-page\" data-elementor-id=\"14663\" class=\"elementor elementor-14663 elementor-12854\" data-elementor-post-type=\"page\">\n\t\t\t\t\t\t<section class=\"elementor-section elementor-top-section elementor-element elementor-element-875ad25 elementor-section-boxed elementor-section-height-default elementor-section-height-default\" data-id=\"875ad25\" data-element_type=\"section\">\n\t\t\t\t\t\t<div class=\"elementor-container elementor-column-gap-wider\">\n\t\t\t\t\t<div class=\"elementor-column elementor-col-50 elementor-top-column elementor-element elementor-element-af11e83\" data-id=\"af11e83\" data-element_type=\"column\">\n\t\t\t<div class=\"elementor-widget-wrap elementor-element-populated\">\n\t\t\t\t\t\t<div class=\"elementor-element elementor-element-c58043c icon-position-mobile-top icon-vertical-align-center icon-vertical-align-mobile-start content-align-left icon-box-vertical-align-top icon-position-left elementor-invisible elementor-widget elementor-widget-the7_icon_box_grid_widget\" data-id=\"c58043c\" data-element_type=\"widget\" data-settings=\"{&quot;_animation&quot;:&quot;fadeInLeft&quot;}\" data-widget_type=\"the7_icon_box_grid_widget.default\">\n\t\t\t\t<div class=\"elementor-widget-container\">\n\t\t\t\t\t<div class=\"the7-box-grid-wrapper the7-elementor-widget loading-effect-none the7_icon_box_grid_widget-c58043c\">\t\t\t<div class=\"dt-css-grid\">\n\t\t\t\t\t\t\t\t\t<div class=\"wf-cell shown\">\n\t\t\t\t\t\t<div class=\"the7-icon-box-grid\">\t\t\t\t\t\t\t<div class=\"box-content-wrapper\">\n\t\t\t\t\t\t\t\t\t\t\t\t\t\t\t\t\t<a class=\"elementor-icon-div\" href=\"\/ca\/serveis\/declaracio-de-la-renda\" aria-label=\"Declaraci\u00f3 de la renda\">\t\t\t\t\t\t\t\t\t\t<div class=\"elementor-icon\">\n\t\t\t\t\t\t\t\t\t\t\t<svg xmlns=\"http:\/\/www.w3.org\/2000\/svg\" viewBox=\"0 0 24 24\" width=\"24\" height=\"24\"><path fill=\"none\" d=\"M0 0h24v24H0z\"><\/path><path d=\"M14 1.5V22h-2V3.704L7.5 4.91V2.839l5-1.339z\"><\/path><\/svg>\t\t\t\t\t\t\t\t\t\t<\/div>\n\t\t\t\t\t\t\t\t\t<\/a>\t\t\t\t\t\t\t\t\t\t\t\t\t\t\t\t<div class=\"box-content\">\n\t\t\t\t\t\t\t\t\t\t\t\t\t\t\t\t\t\t\t\t\t\t\t\t\t\t\t\t\t<h5 class=\"box-heading\">\n\t\t\t\t\t\t\t\t\t\t\t<a href=\"\/ca\/serveis\/declaracio-de-la-renda\" aria-label=\"Declaraci\u00f3 de la renda\">\t\t\t\t\t\t\t\t\t\t\t\tDeclaraci\u00f3 de la renda\t\t\t\t\t\t\t\t\t\t\t<\/a>\t\t\t\t\t\t\t\t\t\t<\/h5>\n\t\t\t\t\t\t\t\t\t\t\t\t\t\t\t\t\t\t\t\t\t\t\t\t\t\t\t\t<div class=\"box-description\">Servei integral, optimitzem les teves deduccions i assegurem el compliment de les normatives fiscals.<\/div>\n\t\t\t\t\t\t\t\t\t\t\t\t\t\t\t\t\t\t<a href=\"\/ca\/serveis\/declaracio-de-la-renda\" aria-label=\"Declaraci\u00f3 de la renda\" class=\"box-button elementor-button elementor-size-xs\">Saber m\u00e9s<\/a>\t\t\t\t\t\t\t\t<\/div>\n\t\t\t\t\t\t\t<\/div>\n\t\t\t\t\t\t<\/div>\t\t\t\t\t<\/div>\n\t\t\t\t\t\t\t\t\t<div class=\"wf-cell shown\">\n\t\t\t\t\t\t<div class=\"the7-icon-box-grid\">\t\t\t\t\t\t\t<div class=\"box-content-wrapper\">\n\t\t\t\t\t\t\t\t\t\t\t\t\t\t\t\t\t<a class=\"elementor-icon-div\" href=\"\/ca\/serveis\/herencies-donacions-testaments\" aria-label=\"Her\u00e8ncies \/ Donacions \/ Testaments\">\t\t\t\t\t\t\t\t\t\t<div class=\"elementor-icon\">\n\t\t\t\t\t\t\t\t\t\t\t<svg xmlns=\"http:\/\/www.w3.org\/2000\/svg\" viewBox=\"0 0 24 24\" width=\"24\" height=\"24\"><path fill=\"none\" d=\"M0 0h24v24H0z\"><\/path><path d=\"M16 7.5a4 4 0 1 0-8 0H6a6 6 0 1 1 10.663 3.776l-7.32 8.723L18 20v2H6v-1.127l9.064-10.802A3.982 3.982 0 0 0 16 7.5z\"><\/path><\/svg>\t\t\t\t\t\t\t\t\t\t<\/div>\n\t\t\t\t\t\t\t\t\t<\/a>\t\t\t\t\t\t\t\t\t\t\t\t\t\t\t\t<div class=\"box-content\">\n\t\t\t\t\t\t\t\t\t\t\t\t\t\t\t\t\t\t\t\t\t\t\t\t\t\t\t\t\t<h5 class=\"box-heading\">\n\t\t\t\t\t\t\t\t\t\t\t<a href=\"\/ca\/serveis\/herencies-donacions-testaments\" aria-label=\"Her\u00e8ncies \/ Donacions \/ Testaments\">\t\t\t\t\t\t\t\t\t\t\t\tHer\u00e8ncies \/ Donacions \/ Testaments\t\t\t\t\t\t\t\t\t\t\t<\/a>\t\t\t\t\t\t\t\t\t\t<\/h5>\n\t\t\t\t\t\t\t\t\t\t\t\t\t\t\t\t\t\t\t\t\t\t\t\t\t\t\t\t<div class=\"box-description\">Assessorament complet en la planificaci\u00f3 i la gesti\u00f3 d'her\u00e8ncies, garantint un proc\u00e9s legal i efica\u00e7.<\/div>\n\t\t\t\t\t\t\t\t\t\t\t\t\t\t\t\t\t\t<a href=\"\/ca\/serveis\/herencies-donacions-testaments\" aria-label=\"Her\u00e8ncies \/ Donacions \/ Testaments\" class=\"box-button elementor-button elementor-size-xs\">Saber m\u00e9s<\/a>\t\t\t\t\t\t\t\t<\/div>\n\t\t\t\t\t\t\t<\/div>\n\t\t\t\t\t\t<\/div>\t\t\t\t\t<\/div>\n\t\t\t\t\t\t\t\t\t<div class=\"wf-cell shown\">\n\t\t\t\t\t\t<div class=\"the7-icon-box-grid\">\t\t\t\t\t\t\t<div class=\"box-content-wrapper\">\n\t\t\t\t\t\t\t\t\t\t\t\t\t\t\t\t\t<a class=\"elementor-icon-div\" href=\"\/ca\/serveis\/assessoria-financera\" aria-label=\"Assessoria Financera\">\t\t\t\t\t\t\t\t\t\t<div class=\"elementor-icon\">\n\t\t\t\t\t\t\t\t\t\t\t<svg xmlns=\"http:\/\/www.w3.org\/2000\/svg\" viewBox=\"0 0 24 24\" width=\"24\" height=\"24\"><path fill=\"none\" d=\"M0 0h24v24H0z\"><\/path><path d=\"M18 2v1.362L12.809 9.55a6.501 6.501 0 1 1-7.116 8.028l1.94-.486A4.502 4.502 0 0 0 16.5 16a4.5 4.5 0 0 0-6.505-4.03l-.228.122-.69-1.207L14.855 4 6.5 4V2H18z\"><\/path><\/svg>\t\t\t\t\t\t\t\t\t\t<\/div>\n\t\t\t\t\t\t\t\t\t<\/a>\t\t\t\t\t\t\t\t\t\t\t\t\t\t\t\t<div class=\"box-content\">\n\t\t\t\t\t\t\t\t\t\t\t\t\t\t\t\t\t\t\t\t\t\t\t\t\t\t\t\t\t<h5 class=\"box-heading\">\n\t\t\t\t\t\t\t\t\t\t\t<a href=\"\/ca\/serveis\/assessoria-financera\" aria-label=\"Assessoria Financera\">\t\t\t\t\t\t\t\t\t\t\t\tAssessoria Financera\t\t\t\t\t\t\t\t\t\t\t<\/a>\t\t\t\t\t\t\t\t\t\t<\/h5>\n\t\t\t\t\t\t\t\t\t\t\t\t\t\t\t\t\t\t\t\t\t\t\t\t\t\t\t\t<div class=\"box-description\">Planificaci\u00f3 i gesti\u00f3 financera personal.<\/div>\n\t\t\t\t\t\t\t\t\t\t\t\t\t\t\t\t\t\t<a href=\"\/ca\/serveis\/assessoria-financera\" aria-label=\"Assessoria Financera\" class=\"box-button elementor-button elementor-size-xs\">Saber m\u00e9s<\/a>\t\t\t\t\t\t\t\t<\/div>\n\t\t\t\t\t\t\t<\/div>\n\t\t\t\t\t\t<\/div>\t\t\t\t\t<\/div>\n\t\t\t\t\t\t\t\t\t<div class=\"wf-cell shown\">\n\t\t\t\t\t\t<div class=\"the7-icon-box-grid\">\t\t\t\t\t\t\t<div class=\"box-content-wrapper\">\n\t\t\t\t\t\t\t\t\t\t\t\t\t\t\t\t\t<a class=\"elementor-icon-div\" href=\"\/ca\/serveis\/compra-venda-immobiliaria\" aria-label=\"Gesti\u00f3 immobili\u00e0ria\">\t\t\t\t\t\t\t\t\t\t<div class=\"elementor-icon\">\n\t\t\t\t\t\t\t\t\t\t\t<svg xmlns=\"http:\/\/www.w3.org\/2000\/svg\" viewBox=\"0 0 24 24\" width=\"24\" height=\"24\"><path fill=\"none\" d=\"M0 0h24v24H0z\"><\/path><path d=\"M16 1.5V16h3v2h-3v4h-2v-4H4v-1.102L14 1.5h2zM14 16V5.171L6.968 16H14z\"><\/path><\/svg>\t\t\t\t\t\t\t\t\t\t<\/div>\n\t\t\t\t\t\t\t\t\t<\/a>\t\t\t\t\t\t\t\t\t\t\t\t\t\t\t\t<div class=\"box-content\">\n\t\t\t\t\t\t\t\t\t\t\t\t\t\t\t\t\t\t\t\t\t\t\t\t\t\t\t\t\t<h5 class=\"box-heading\">\n\t\t\t\t\t\t\t\t\t\t\t<a href=\"\/ca\/serveis\/compra-venda-immobiliaria\" aria-label=\"Gesti\u00f3 immobili\u00e0ria\">\t\t\t\t\t\t\t\t\t\t\t\tGesti\u00f3 immobili\u00e0ria\t\t\t\t\t\t\t\t\t\t\t<\/a>\t\t\t\t\t\t\t\t\t\t<\/h5>\n\t\t\t\t\t\t\t\t\t\t\t\t\t\t\t\t\t\t\t\t\t\t\t\t\t\t\t\t<div class=\"box-description\">Assist\u00e8ncia a la compra, venda i lloguer de propietats.<\/div>\n\t\t\t\t\t\t\t\t\t\t\t\t\t\t\t\t\t\t<a href=\"\/ca\/serveis\/compra-venda-immobiliaria\" aria-label=\"Gesti\u00f3 immobili\u00e0ria\" class=\"box-button elementor-button elementor-size-xs\">Saber m\u00e9s<\/a>\t\t\t\t\t\t\t\t<\/div>\n\t\t\t\t\t\t\t<\/div>\n\t\t\t\t\t\t<\/div>\t\t\t\t\t<\/div>\n\t\t\t\t\t\t\t\t\t<div class=\"wf-cell shown\">\n\t\t\t\t\t\t<div class=\"the7-icon-box-grid\">\t\t\t\t\t\t\t<div class=\"box-content-wrapper\">\n\t\t\t\t\t\t\t\t\t\t\t\t\t\t\t\t\t<a class=\"elementor-icon-div\" href=\"\/ca\/serveis\/assessoria-juridica\" aria-label=\"Assessoria Jur\u00eddica\">\t\t\t\t\t\t\t\t\t\t<div class=\"elementor-icon\">\n\t\t\t\t\t\t\t\t\t\t\t<svg xmlns=\"http:\/\/www.w3.org\/2000\/svg\" viewBox=\"0 0 24 24\" width=\"24\" height=\"24\"><path fill=\"none\" d=\"M0 0h24v24H0z\"><\/path><path d=\"M18 2v2H9.3l-.677 6.445a6.5 6.5 0 1 1-2.93 7.133l1.94-.486A4.502 4.502 0 0 0 16.5 16a4.5 4.5 0 0 0-4.5-4.5c-2.022 0-3.278.639-3.96 1.53l-1.575-1.182L7.5 2H18z\"><\/path><\/svg>\t\t\t\t\t\t\t\t\t\t<\/div>\n\t\t\t\t\t\t\t\t\t<\/a>\t\t\t\t\t\t\t\t\t\t\t\t\t\t\t\t<div class=\"box-content\">\n\t\t\t\t\t\t\t\t\t\t\t\t\t\t\t\t\t\t\t\t\t\t\t\t\t\t\t\t\t<h5 class=\"box-heading\">\n\t\t\t\t\t\t\t\t\t\t\t<a href=\"\/ca\/serveis\/assessoria-juridica\" aria-label=\"Assessoria Jur\u00eddica\">\t\t\t\t\t\t\t\t\t\t\t\tAssessoria Jur\u00eddica\t\t\t\t\t\t\t\t\t\t\t<\/a>\t\t\t\t\t\t\t\t\t\t<\/h5>\n\t\t\t\t\t\t\t\t\t\t\t\t\t\t\t\t\t\t\t\t\t\t\t\t\t\t\t\t<div class=\"box-description\">Assessorament legal per a resoluci\u00f3 de conflictes i elaboraci\u00f3 de contractes.<\/div>\n\t\t\t\t\t\t\t\t\t\t\t\t\t\t\t\t\t\t<a href=\"\/ca\/serveis\/assessoria-juridica\" aria-label=\"Assessoria Jur\u00eddica\" class=\"box-button elementor-button elementor-size-xs\">Saber m\u00e9s<\/a>\t\t\t\t\t\t\t\t<\/div>\n\t\t\t\t\t\t\t<\/div>\n\t\t\t\t\t\t<\/div>\t\t\t\t\t<\/div>\n\t\t\t\t\t\t\t\t\t<div class=\"wf-cell shown\">\n\t\t\t\t\t\t<div class=\"the7-icon-box-grid\">\t\t\t\t\t\t\t<div class=\"box-content-wrapper\">\n\t\t\t\t\t\t\t\t\t\t\t\t\t\t\t\t\t<a class=\"elementor-icon-div\" href=\"\/ca\/serveis\/tramits-de-transit\" aria-label=\"Tr\u00e0mits de Tr\u00e0nsit\">\t\t\t\t\t\t\t\t\t\t<div class=\"elementor-icon\">\n\t\t\t\t\t\t\t\t\t\t\t<svg xmlns=\"http:\/\/www.w3.org\/2000\/svg\" viewBox=\"0 0 24 24\" width=\"24\" height=\"24\"><path fill=\"none\" d=\"M0 0h24v24H0z\"><\/path><path d=\"M14.886 2l-4.438 7.686A6.5 6.5 0 1 1 6.4 12.7L12.576 2h2.31zM12 11.5a4.5 4.5 0 1 0 0 9 4.5 4.5 0 0 0 0-9z\"><\/path><\/svg>\t\t\t\t\t\t\t\t\t\t<\/div>\n\t\t\t\t\t\t\t\t\t<\/a>\t\t\t\t\t\t\t\t\t\t\t\t\t\t\t\t<div class=\"box-content\">\n\t\t\t\t\t\t\t\t\t\t\t\t\t\t\t\t\t\t\t\t\t\t\t\t\t\t\t\t\t<h5 class=\"box-heading\">\n\t\t\t\t\t\t\t\t\t\t\t<a href=\"\/ca\/serveis\/tramits-de-transit\" aria-label=\"Tr\u00e0mits de Tr\u00e0nsit\">\t\t\t\t\t\t\t\t\t\t\t\tTr\u00e0mits de Tr\u00e0nsit\t\t\t\t\t\t\t\t\t\t\t<\/a>\t\t\t\t\t\t\t\t\t\t<\/h5>\n\t\t\t\t\t\t\t\t\t\t\t\t\t\t\t\t\t\t\t\t\t\t\t\t\t\t\t\t<div class=\"box-description\">Matriculaci\u00f3, transfer\u00e8ncies i gestions relacionades amb vehicles.<\/div>\n\t\t\t\t\t\t\t\t\t\t\t\t\t\t\t\t\t\t<a href=\"\/ca\/serveis\/tramits-de-transit\" aria-label=\"Tr\u00e0mits de Tr\u00e0nsit\" class=\"box-button elementor-button elementor-size-xs\">Saber m\u00e9s<\/a>\t\t\t\t\t\t\t\t<\/div>\n\t\t\t\t\t\t\t<\/div>\n\t\t\t\t\t\t<\/div>\t\t\t\t\t<\/div>\n\t\t\t\t\t\t\t<\/div>\n\t\t<\/div>\t\t\t\t<\/div>\n\t\t\t\t<\/div>\n\t\t\t\t\t<\/div>\n\t\t<\/div>\n\t\t\t\t<div class=\"elementor-column elementor-col-50 elementor-top-column elementor-element elementor-element-f466756\" data-id=\"f466756\" data-element_type=\"column\">\n\t\t\t<div class=\"elementor-widget-wrap elementor-element-populated\">\n\t\t\t\t\t\t<div class=\"elementor-element elementor-element-ccde59c elementor-widget elementor-widget-image\" data-id=\"ccde59c\" data-element_type=\"widget\" data-widget_type=\"image.default\">\n\t\t\t\t<div class=\"elementor-widget-container\">\n\t\t\t\t\t\t\t\t\t\t\t\t\t\t\t<img decoding=\"async\" src=\"https:\/\/loaniconsulting.es\/wp-content\/uploads\/elementor\/thumbs\/money-growing-qwrk80gz58b630cnw2hg7xkx3rynt4g51gzne17dc0.jpg\" title=\"money growing\" alt=\"money growing\" loading=\"lazy\" \/>\t\t\t\t\t\t\t\t\t\t\t\t\t\t\t<\/div>\n\t\t\t\t<\/div>\n\t\t\t\t<div class=\"elementor-element elementor-element-7abec36 elementor-widget elementor-widget-image\" data-id=\"7abec36\" data-element_type=\"widget\" data-widget_type=\"image.default\">\n\t\t\t\t<div class=\"elementor-widget-container\">\n\t\t\t\t\t\t\t\t\t\t\t\t\t\t\t<img decoding=\"async\" src=\"https:\/\/loaniconsulting.es\/wp-content\/uploads\/elementor\/thumbs\/Apartamentos-qwrk6lpsjqrjyo7vp9tkcmr4itzximgz3d0ry999sw.jpg\" title=\"Apartamentos\" alt=\"Apartamentos\" loading=\"lazy\" \/>\t\t\t\t\t\t\t\t\t\t\t\t\t\t\t<\/div>\n\t\t\t\t<\/div>\n\t\t\t\t<div class=\"elementor-element elementor-element-056f3f7 elementor-widget elementor-widget-image\" data-id=\"056f3f7\" data-element_type=\"widget\" data-widget_type=\"image.default\">\n\t\t\t\t<div class=\"elementor-widget-container\">\n\t\t\t\t\t\t\t\t\t\t\t\t\t\t\t<img fetchpriority=\"high\" decoding=\"async\" width=\"524\" height=\"467\" src=\"https:\/\/loaniconsulting.es\/wp-content\/uploads\/2024\/10\/favicon.png\" class=\"attachment-full size-full wp-image-13308\" alt=\"\" srcset=\"https:\/\/loaniconsulting.es\/wp-content\/uploads\/2024\/10\/favicon.png 524w, https:\/\/loaniconsulting.es\/wp-content\/uploads\/2024\/10\/favicon-300x267.png 300w\" sizes=\"(max-width: 524px) 100vw, 524px\" \/>\t\t\t\t\t\t\t\t\t\t\t\t\t\t\t<\/div>\n\t\t\t\t<\/div>\n\t\t\t\t\t<\/div>\n\t\t<\/div>\n\t\t\t\t\t<\/div>\n\t\t<\/section>\n\t\t\t\t<\/div>\n\t\t","protected":false},"excerpt":{"rendered":"<p>Declaraci\u00f3 de la renda Servei integral, optimitzem les teves deduccions i assegurem el compliment de les normatives fiscals. Saber m\u00e9s Her\u00e8ncies \/ Donacions \/ Testaments Assessorament complet en la planificaci\u00f3 i la gesti\u00f3 d&#8217;her\u00e8ncies, garantint un proc\u00e9s legal i efica\u00e7. Saber m\u00e9s Assessoria Financera Planificaci\u00f3 i gesti\u00f3 financera personal. Saber m\u00e9s Gesti\u00f3 immobili\u00e0ria Assist\u00e8ncia a&hellip;<\/p>\n","protected":false},"author":1,"featured_media":0,"parent":14653,"menu_order":30,"comment_status":"closed","ping_status":"closed","template":"","meta":{"_joinchat":[],"footnotes":""},"class_list":["post-14663","page","type-page","status-publish","hentry"],"_links":{"self":[{"href":"https:\/\/loaniconsulting.es\/ca\/wp-json\/wp\/v2\/pages\/14663","targetHints":{"allow":["GET"]}}],"collection":[{"href":"https:\/\/loaniconsulting.es\/ca\/wp-json\/wp\/v2\/pages"}],"about":[{"href":"https:\/\/loaniconsulting.es\/ca\/wp-json\/wp\/v2\/types\/page"}],"author":[{"embeddable":true,"href":"https:\/\/loaniconsulting.es\/ca\/wp-json\/wp\/v2\/users\/1"}],"replies":[{"embeddable":true,"href":"https:\/\/loaniconsulting.es\/ca\/wp-json\/wp\/v2\/comments?post=14663"}],"version-history":[{"count":0,"href":"https:\/\/loaniconsulting.es\/ca\/wp-json\/wp\/v2\/pages\/14663\/revisions"}],"up":[{"embeddable":true,"href":"https:\/\/loaniconsulting.es\/ca\/wp-json\/wp\/v2\/pages\/14653"}],"wp:attachment":[{"href":"https:\/\/loaniconsulting.es\/ca\/wp-json\/wp\/v2\/media?parent=14663"}],"curies":[{"name":"wp","href":"https:\/\/api.w.org\/{rel}","templated":true}]}}