{"id":14154,"date":"2024-10-07T12:43:47","date_gmt":"2024-10-07T10:43:47","guid":{"rendered":"https:\/\/loaniconsulting.es\/condiciones-de-uso\/"},"modified":"2024-10-14T09:16:51","modified_gmt":"2024-10-14T07:16:51","slug":"condicions-de-us","status":"publish","type":"page","link":"https:\/\/loaniconsulting.es\/ca\/condicions-de-us\/","title":{"rendered":"Condicions d&#8217;\u00fas"},"content":{"rendered":"\t\t<div data-elementor-type=\"wp-page\" data-elementor-id=\"14154\" class=\"elementor elementor-14154 elementor-12979\" data-elementor-post-type=\"page\">\n\t\t\t\t<div class=\"elementor-element elementor-element-899688f e-flex e-con-boxed e-con e-parent\" data-id=\"899688f\" data-element_type=\"container\">\n\t\t\t\t\t<div class=\"e-con-inner\">\n\t\t\t\t<div class=\"elementor-element elementor-element-9269f27 elementor-widget elementor-widget-text-editor\" data-id=\"9269f27\" data-element_type=\"widget\" data-widget_type=\"text-editor.default\">\n\t\t\t\t<div class=\"elementor-widget-container\">\n\t\t\t\t\t\t\t\t\t<div data-id=\"795bd82\" data-element_type=\"widget\" data-widget_type=\"text-editor.default\">\n<div>\n<div data-id=\"208b65a\" data-element_type=\"widget\" data-widget_type=\"text-editor.default\">\n<div>\n<p>En compliment de la Llei 34\/2002, de 11 de juliol, de Serveis de la Societat de la Informaci\u00f3 i de Comer\u00e7 Electr\u00f2nic (LSSI-CE), LOPEZ &amp; ANIVARRE CONSULTING S.L. informa que \u00e9s titular del lloc web www.loaniconsulting.es. D&#8217;acord amb l&#8217;exig\u00e8ncia de l&#8217;article 10 de la Llei esmentada, LOPEZ &amp; ANIVARRO CONSULTING S.L.<span class=\"Apple-converted-space\">\u00a0<\/span> informa de les dades seg\u00fcents:\u00a0<\/p>\n<\/div>\n<\/div>\n<div data-id=\"798a7fa\" data-element_type=\"widget\" data-widget_type=\"text-editor.default\">\n<div>\n<p>El titular d&#8217;aquest lloc web esLOPEZ &amp; ANIVARRO CONSULTING S.L., amb NIF B66717356 i domicili al c\/ GRAN VIA, 658 PPAL. 1a (Barcelona \u2013 Espanya). L&#8217;adre\u00e7a de correu electr\u00f2nic de contacte amb l&#8217;empresa \u00e9s: info@<span tabindex=\"0\" role=\"textbox\" contenteditable=\"plaintext-only\">loaniconsulting.es<\/span><\/p>\n<p>\u00a0<\/p>\n<\/div>\n<\/div>\n<\/div>\n<\/div>\n<div data-id=\"23ab7ab\" data-element_type=\"widget\" data-widget_type=\"heading.default\">\n<div>\n<h4>Usuari i r\u00e8gim de responsabilitats<\/h4>\n<\/div>\n<div data-id=\"32543e6\" data-element_type=\"widget\" data-widget_type=\"text-editor.default\">\n<div>\n<div data-id=\"208b65a\" data-element_type=\"widget\" data-widget_type=\"text-editor.default\">\n<div data-id=\"dcca9d3\" data-element_type=\"widget\" data-widget_type=\"text-editor.default\">\n<div>\n<p>La navegaci\u00f3, acc\u00e9s i \u00fas pel lloc web de loaniconsulting.es confereix la condici\u00f3 d&#8217;usuari, per la qual s&#8217;accepten, des de la navegaci\u00f3 pel lloc web de loaniconsulting.es, totes les condicions d&#8217;\u00fas establertes aqu\u00ed sense perjudici de l&#8217;aplicaci\u00f3 de la corresponent normativa de compliment legal obligat segons el cas.<\/p>\n<\/div>\n<\/div>\n<div data-id=\"c7e16fb\" data-element_type=\"widget\" data-widget_type=\"text-editor.default\">\n<div>\n<p>El lloc web de loaniconsulting.es proporciona una gran diversitat d&#8217;informaci\u00f3, serveis i dades. L&#8217;usuari assumeix la responsabilitat en l&#8217;\u00fas correcte del lloc web. Aquesta responsabilitat s&#8217;estendr\u00e0 a:<\/p>\n<ul>\n<li>La veracitat i licitud de les informacions aportades per l&#8217;usuari als formularis estesos per loaniconsulting.es per a l&#8217;acc\u00e9s a certs continguts o serveis oferts pel web.<\/li>\n<li>L&#8217;\u00fas de la informaci\u00f3, serveis i dades ofertes per loaniconsulting.es contr\u00e0riament al que disposen aquestes condicions, la Llei, la moral, els bons costums o l&#8217;ordre p\u00fablic, o que de qualsevol altra manera puguin suposar lesi\u00f3 de els drets de tercers o del mateix funcionament del lloc web.<\/li>\n<\/ul>\n<div>\u00a0<\/div>\n<\/div>\n<\/div>\n<\/div>\n<\/div>\n<\/div>\n<div data-id=\"a4caaf5\" data-element_type=\"widget\" data-widget_type=\"heading.default\">\n<div>\n<h4>Pol\u00edtica d&#8217;enlla\u00e7os i exempcions de responsabilitat<\/h4>\n<\/div>\n<\/div>\n<div data-id=\"60d323a\" data-element_type=\"widget\" data-widget_type=\"text-editor.default\">\n<div>\n<div data-id=\"50da305\" data-element_type=\"widget\" data-widget_type=\"text-editor.default\">\n<div>\n<p>loaniconsulting.es no es fa responsable del contingut dels llocs web als quals l&#8217;usuari pugui accedir a trav\u00e9s dels enlla\u00e7os establerts al seu lloc web i declara que en cap cas procedir\u00e0 a examinar o exercitar cap tipus de control sobre el contingut daltres llocs de la xarxa. Aix\u00ed mateix, tampoc garantir\u00e0 la disponibilitat t\u00e8cnica, exactitud, veracitat, validesa o legalitat de llocs aliens a la seva propietat a qu\u00e8 es pugui accedir per mitj\u00e0 dels enlla\u00e7os.<\/p>\n<\/div>\n<\/div>\n<div data-id=\"929f2b7\" data-element_type=\"widget\" data-widget_type=\"text-editor.default\">\n<div>\n<p>loaniconsulting.es declara haver adoptat totes les mesures necess\u00e0ries per evitar qualsevol dany als usuaris del vostre lloc web, que poguessin derivar-se de la navegaci\u00f3 pel seu lloc web. En conseq\u00fc\u00e8ncia, loaniconsulting.es no es fa responsable, en cap cas, dels danys eventuals que per la navegaci\u00f3 per Internet pogu\u00e9s patir l&#8217;usuari.<\/p>\n<\/div>\n<\/div>\n<\/div>\n<\/div>\n<div data-id=\"538de6b\" data-element_type=\"widget\" data-widget_type=\"heading.default\">\n<div>\n<h4>\u00a0<\/h4>\n<h4>Modificacions<\/h4>\n<\/div>\n<\/div>\n<div data-id=\"1fdcab2\" data-element_type=\"widget\" data-widget_type=\"text-editor.default\">\n<div>\n<div data-id=\"50da305\" data-element_type=\"widget\" data-widget_type=\"text-editor.default\">\n<p>loaniconsulting.es es reserva el dret a realitzar les modificacions que consideri oportunes, sense previ av\u00eds, en el contingut del seu lloc web. Tant pel que fa als continguts del lloc web, com a les condicions d&#8217;\u00fas. Aquestes modificacions es poden fer a trav\u00e9s del seu lloc web per cqualsevol forma admissible en dret i seran de compliment obligat durant el temps en qu\u00e8 es trobin publicades a la web i fins que no siguin modificades v\u00e0lidament per altres posteriors.<\/p>\n<\/div>\n<\/div>\n<\/div>\n<div data-id=\"232e1ed\" data-element_type=\"widget\" data-widget_type=\"heading.default\">\n<div>\n<h4>\u00a0<\/h4>\n<h4>Protecci\u00f3 de dades<\/h4>\n<\/div>\n<div data-id=\"7fb82c4\" data-element_type=\"widget\" data-widget_type=\"text-editor.default\">\n<div>\n<div data-id=\"50da305\" data-element_type=\"widget\" data-widget_type=\"text-editor.default\">\n<div data-id=\"d07a2d4\" data-element_type=\"widget\" data-widget_type=\"text-editor.default\">\n<div>\n<p>De conformitat amb el que estableix la normativa vigent en Protecci\u00f3 de Dades de Car\u00e0cter Personal, us informem que les vostres dades seran incorporades al sistema de tractament titularitat de loaniconsulting.es amb la finalitat de poder facilitar, agilitzar i complir els compromisos establerts entre ambdues parts. En compliment de la normativa vigent, loaniconsulting.es informa que les dades seran conservades durant el termini estrictament necessari per complir els preceptes esmentats anteriorment.<\/p>\n<\/div>\n<\/div>\n<div data-id=\"9787256\" data-element_type=\"widget\" data-widget_type=\"text-editor.default\">\n<div>\n<p>Us informem que el tractament de les vostres dades est\u00e0 legitimat pel vostre consentiment.<\/p>\n<\/div>\n<\/div>\n<div data-id=\"722ca4d\" data-element_type=\"widget\" data-widget_type=\"text-editor.default\">\n<div>\n<p>loaniconsulting.es informa que procedir\u00e0 a tractar les dades de manera l\u00edcita, lleial, transparent, adequada, pertinent, limitada, exacta i actualitzada. \u00c9s per aix\u00f2 que loaniconsulting.es es compromet a adoptar totes les mesures raonables perqu\u00e8 aquests se suprimeixin o rectifiquin sense dilaci\u00f3 quan siguin inexactes.<\/p>\n<\/div>\n<\/div>\n<div data-id=\"ddae0eb\" data-element_type=\"widget\" data-widget_type=\"text-editor.default\">\n<div>\n<p>D&#8217;acord amb els drets que us confereix la normativa vigent en protecci\u00f3 de dades podreu exercir els drets d&#8217;acc\u00e9s, rectificaci\u00f3, limitaci\u00f3 de tractament, supressi\u00f3, portabilitat i oposici\u00f3 al tractament de les vostres dades de car\u00e0cter personal aix\u00ed com del consentiment prestat per al tractament dels mateixos, dirigint la vostra petici\u00f3 a l&#8217;adre\u00e7a postal indicada m\u00e9s amunt o al correu electr\u00f2nic: info@loaniconsulting.es<\/p>\n<\/div>\n<\/div>\n<div data-id=\"582bba3\" data-element_type=\"widget\" data-widget_type=\"text-editor.default\">\n<div>\n<p>Podr\u00e0 adre\u00e7ar-se a l&#8217;Autoritat de Control competent per presentar la reclamaci\u00f3 que consideri oportuna.<\/p>\n<\/div>\n<\/div>\n<\/div>\n<\/div>\n<\/div>\n<div data-id=\"cceb61d\" data-element_type=\"widget\" data-widget_type=\"heading.default\">\n<div>\n<h4>\u00a0<\/h4>\n<h4>Propietat intel\u00b7lectual i industrial<\/h4>\n<\/div>\n<\/div>\n<div data-id=\"3e18ba6\" data-element_type=\"widget\" data-widget_type=\"text-editor.default\">\n<div>\n<div data-id=\"50da305\" data-element_type=\"widget\" data-widget_type=\"text-editor.default\">\n<div data-id=\"d07a2d4\" data-element_type=\"widget\" data-widget_type=\"text-editor.default\">\n<div data-id=\"0031f4a\" data-element_type=\"widget\" data-widget_type=\"text-editor.default\">\n<div>\n<div>\n<div>loaniconsulting.es per si mateixa o com a cession\u00e0ria, \u00e9s titular de tots els drets de propietat intel\u00b7lectual i industrial de la seva p\u00e0gina web, aix\u00ed com dels elements continguts a la mateixa (a t\u00edtol enunciatiu, imatges, so, \u00e0udio, v\u00eddeo , programari o textos; marques o logotips, combinacions de colors, estructura i disseny, selecci\u00f3 de materials usats, programes d&#8217;ordinador necessaris per al seu funcionament, acc\u00e9s i \u00fas, etc.), titularitat de loaniconsulting.es. Seran, per tant, obres protegides com a propietat intel\u00b7lectual per l&#8217;ordenament jur\u00eddic espanyol, i els seran aplicables tant la normativa espanyola i comunit\u00e0ria en aquest camp, com els tractats internacionals relatius a la mat\u00e8ria i subscrits per Espanya.<\/div>\n<div>\u00a0<\/div>\n<\/div>\n<\/div>\n<\/div>\n<div data-id=\"376aa43\" data-element_type=\"widget\" data-widget_type=\"text-editor.default\">\n<div>\n<p>Tots els drets reservats. En virtut del que disposa la Llei de propietat intel\u00b7lectual, queden expressament prohibides la reproducci\u00f3, la distribuci\u00f3 i la comunicaci\u00f3 p\u00fablica, inclosa la seva modalitat de posada a disposici\u00f3, de la totalitat o part dels continguts d&#8217;aquesta p\u00e0gina web, amb fins comercials, a qualsevol suport i per qualsevol mitj\u00e0 t\u00e8cnic, sense l&#8217;autoritzaci\u00f3 de loaniconsulting.es<\/p>\n<\/div>\n<\/div>\n<div data-id=\"bb3648e\" data-element_type=\"widget\" data-widget_type=\"text-editor.default\">\n<div>\n<p>L&#8217;usuari es compromet a respectar els drets de propietat intel\u00b7lectual i industrial titularitat de loaniconsulting.es Podr\u00e0 visualitzar els elements del portal i fins i tot imprimir-los, copiar-los i emmagatzemar-los al disc dur del vostre ordinador o en qualsevol altre suport f\u00edsic sempre que sigui, \u00fanica i exclusivament, per al seu \u00fas personal i privat. L&#8217;usuari haur\u00e0 d&#8217;abstenir-se de suprimir, alterar, eludir o manipular qualsevol dispositiu de protecci\u00f3 o sistema de seguretat que estigu\u00e9s instal\u00b7lat a les p\u00e0gines de loaniconsulting.cat<\/p>\n<\/div>\n<\/div>\n<\/div>\n<\/div>\n<\/div>\n<\/div>\n<div data-id=\"1efaab7\" data-element_type=\"widget\" data-widget_type=\"heading.default\">\n<div>\n<h4>\u00a0<\/h4>\n<h4>Accions legals, legislaci\u00f3 aplicable i jurisdicci\u00f3<\/h4>\n<\/div>\n<\/div>\n<div data-id=\"57687e9\" data-element_type=\"widget\" data-widget_type=\"text-editor.default\">\n<div>\n<div data-id=\"50da305\" data-element_type=\"widget\" data-widget_type=\"text-editor.default\">\n<div data-id=\"d07a2d4\" data-element_type=\"widget\" data-widget_type=\"text-editor.default\">\n<div data-id=\"0031f4a\" data-element_type=\"widget\" data-widget_type=\"text-editor.default\">\n<div data-id=\"1dada72\" data-element_type=\"widget\" data-widget_type=\"text-editor.default\">\n<div>\n<p>loaniconsulting.es es reserva, aix\u00ed mateix, la facultat de presentar les accions civils o penals que consideri oportunes per la utilitzaci\u00f3 indeguda del vostre lloc web i continguts, o per l&#8217;incompliment de les presents condicions.<\/p>\n<\/div>\n<\/div>\n<div data-id=\"9f04d1b\" data-element_type=\"widget\" data-widget_type=\"text-editor.default\">\n<div>\n<p>La relaci\u00f3 entre l&#8217;usuari i el prestador es regir\u00e0 per la normativa vigent i aplicable al territori espanyol. Si sorgeix qualsevol controv\u00e8rsia, les parts poden sotmetre els seus conflictes a arbitratge o acudir a la jurisdicci\u00f3 ordin\u00e0ria complint amb les normes sobre jurisdicci\u00f3 i compet\u00e8ncia sobre aix\u00f2. loaniconsulting.es t\u00e9 el domicili a BARCELONA, Espanya.<\/p>\n<\/div>\n<\/div>\n<\/div>\n<\/div>\n<\/div>\n<\/div>\n<\/div>\n<\/div>\n<\/div>\t\t\t\t\t\t\t\t<\/div>\n\t\t\t\t<\/div>\n\t\t\t\t\t<\/div>\n\t\t\t\t<\/div>\n\t\t\t\t<\/div>\n\t\t","protected":false},"excerpt":{"rendered":"<p>En compliment de la Llei 34\/2002, de 11 de juliol, de Serveis de la Societat de la Informaci\u00f3 i de Comer\u00e7 Electr\u00f2nic (LSSI-CE), LOPEZ &amp; ANIVARRE CONSULTING S.L. informa que \u00e9s titular del lloc web www.loaniconsulting.es. D&#8217;acord amb l&#8217;exig\u00e8ncia de l&#8217;article 10 de la Llei esmentada, LOPEZ &amp; ANIVARRO CONSULTING S.L.\u00a0 informa de les dades&hellip;<\/p>\n","protected":false},"author":1,"featured_media":0,"parent":0,"menu_order":0,"comment_status":"closed","ping_status":"closed","template":"","meta":{"_joinchat":[],"footnotes":""},"class_list":["post-14154","page","type-page","status-publish","hentry"],"_links":{"self":[{"href":"https:\/\/loaniconsulting.es\/ca\/wp-json\/wp\/v2\/pages\/14154","targetHints":{"allow":["GET"]}}],"collection":[{"href":"https:\/\/loaniconsulting.es\/ca\/wp-json\/wp\/v2\/pages"}],"about":[{"href":"https:\/\/loaniconsulting.es\/ca\/wp-json\/wp\/v2\/types\/page"}],"author":[{"embeddable":true,"href":"https:\/\/loaniconsulting.es\/ca\/wp-json\/wp\/v2\/users\/1"}],"replies":[{"embeddable":true,"href":"https:\/\/loaniconsulting.es\/ca\/wp-json\/wp\/v2\/comments?post=14154"}],"version-history":[{"count":0,"href":"https:\/\/loaniconsulting.es\/ca\/wp-json\/wp\/v2\/pages\/14154\/revisions"}],"wp:attachment":[{"href":"https:\/\/loaniconsulting.es\/ca\/wp-json\/wp\/v2\/media?parent=14154"}],"curies":[{"name":"wp","href":"https:\/\/api.w.org\/{rel}","templated":true}]}}