{"id":14151,"date":"2024-10-04T11:43:14","date_gmt":"2024-10-04T09:43:14","guid":{"rendered":"https:\/\/loaniconsulting.es\/politica-de-privacidad\/"},"modified":"2024-10-14T09:18:59","modified_gmt":"2024-10-14T07:18:59","slug":"politica-de-privadesa","status":"publish","type":"page","link":"https:\/\/loaniconsulting.es\/ca\/politica-de-privadesa\/","title":{"rendered":"Pol\u00edtica de privadesa"},"content":{"rendered":"\t\t<div data-elementor-type=\"wp-page\" data-elementor-id=\"14151\" class=\"elementor elementor-14151 elementor-3\" data-elementor-post-type=\"page\">\n\t\t\t\t<div class=\"elementor-element elementor-element-ef183de e-flex e-con-boxed e-con e-parent\" data-id=\"ef183de\" data-element_type=\"container\">\n\t\t\t\t\t<div class=\"e-con-inner\">\n\t\t\t\t<div class=\"elementor-element elementor-element-8baa18a elementor-widget elementor-widget-text-editor\" data-id=\"8baa18a\" data-element_type=\"widget\" data-widget_type=\"text-editor.default\">\n\t\t\t\t<div class=\"elementor-widget-container\">\n\t\t\t\t\t\t\t\t\t<div data-id=\"ecb194d\" data-element_type=\"widget\" data-widget_type=\"text-editor.default\">\n<div>\n<div data-id=\"208b65a\" data-element_type=\"widget\" data-widget_type=\"text-editor.default\">\n<p>En compliment del que estableix la Llei Org\u00e0nica 15\/1999, de 13 de desembre, de protecci\u00f3 de dades de car\u00e0cter personal i del Reglament Europeu UE 2016\/679 us informem del seg\u00fcent: \u00a0<\/p>\n<p>\u00a0<\/p>\n<\/div>\n<\/div>\n<\/div>\n<div data-id=\"6533852\" data-element_type=\"widget\" data-widget_type=\"heading.default\">\n<div>\n<h4>\u00a0<\/h4>\n<h4>Identitat i dades de contacte del responsable del tractament<\/h4>\n<div><span style=\"letter-spacing: var(--the7-base-letter-spacing); text-transform: var(--the7-base-text-transform); word-spacing: normal; text- decoration: var(--the7-base-text-decoration);\">Comuniquem que les dades que vost\u00e8 ens faciliti quedaran incorporades i seran tractades als fitxers titularitat de LOPEZ &amp; ANIVARRE CONSULTING S.L. amb NIF B66717356, degudament inscrits al Registre General de Protecci\u00f3 de Dades, per tal de poder prestar els nostres serveis, aix\u00ed com per mantenir-lo informat sobre q\u00fcestions relatives a l&#8217;activitat de l&#8217;empresa i els seus serveis.<\/span><\/div>\n<\/div>\n<\/div>\n<div data-id=\"0f553f4\" data-element_type=\"widget\" data-widget_type=\"text-editor.default\">\n<div>\n<div data-id=\"208b65a\" data-element_type=\"widget\" data-widget_type=\"text-editor.default\">\u00a0<\/div>\n<\/div>\n<\/div>\n<div data-id=\"ab46596\" data-element_type=\"widget\" data-widget_type=\"heading.default\">\n<div>\n<h4>\u00a0<\/h4>\n<h4>Modalitat de recollida i tractament de les dades<\/h4>\n<div>Les dades es recullen directament de l&#8217;interessat, de forma presencial o mitjan\u00e7ant el formulari de la nostra web corporativa, facilitant-hi tota la informaci\u00f3 necess\u00e0ria que preveu la llei. El tractament es realitza mitjan\u00e7ant instruments automatitzats en compliment de la normativa i de conformitat amb els principis de correcci\u00f3, licitud, transpar\u00e8ncia i tutela de confidencialitat i drets. El nostre sistema inform\u00e0tic est\u00e0 estructurat de manera que es pugui prevenir la p\u00e8rdua de dades, usos il\u00b7l\u00edcits o no correctes i accessos no autoritzats, complint les normes de seguretat exigibles.<\/div>\n<\/div>\n<\/div>\n<div data-id=\"f1a6d11\" data-element_type=\"widget\" data-widget_type=\"text-editor.default\">\n<div data-id=\"208b65a\" data-element_type=\"widget\" data-widget_type=\"text-editor.default\">\u00a0<\/div>\n<\/div>\n<div data-id=\"7b35462\" data-element_type=\"widget\" data-widget_type=\"heading.default\">\n<div>\n<h4>\u00a0<\/h4>\n<h4>Base jur\u00eddica \u2013 Finalitat del tractament<\/h4>\n<p>Les dades comunicades seran \u00fanicament les estrictament indispensables per a l&#8217;execuci\u00f3 de la prestaci\u00f3 sol\u00b7licitada: pressupostos, factures, informes, \u2026 La comunicaci\u00f3 d&#8217;aquestes dades \u00e9s obligat\u00f2ria per poder donar execuci\u00f3 als serveis que se li han ofert i una possible denegaci\u00f3 de la comunicaci\u00f3 per part seva comportar\u00e0 per a aquesta empresa la impossibilitat de complir amb les prestacions acordades.<\/p>\n<\/div>\n<\/div>\n<div data-id=\"f28c815\" data-element_type=\"widget\" data-widget_type=\"text-editor.default\">\n<div data-id=\"208b65a\" data-element_type=\"widget\" data-widget_type=\"text-editor.default\">\u00a0<\/div>\n<h4 data-id=\"208b65a\" data-element_type=\"widget\" data-widget_type=\"text-editor.default\">\u00a0<\/h4>\n<h4 data-id=\"208b65a\" data-element_type=\"widget\" data-widget_type=\"text-editor.default\">Destinataris als quals es poden comunicar les vostres dades<\/h4>\n<\/div>\n<div data-id=\"44bdaea\" data-element_type=\"widget\" data-widget_type=\"text-editor.default\">\n<div>\n<div data-id=\"208b65a\" data-element_type=\"widget\" data-widget_type=\"text-editor.default\">\n<p>Les vostres dades no es comunicaran a tercers, excepte quan sigui necessari i indispensable (o, en tot cas, funcional) per al desenvolupament dels serveis que ens ha demanat o hi hagi una obligaci\u00f3 legal. Es faran altres possibles comunicacions a altres subjectes (autoritzats, nomenats i instru\u00efts espec\u00edficament pel Responsable). Les vostres dades no es difondran a tercers sense que heu prestat pr\u00e8viament i expressament el vostre consentiment i no seran objecte de transmissi\u00f3, sota cap concepte, a tercers pa\u00efsos fora de la UE.<\/p>\n<\/div>\n<\/div>\n<\/div>\n<div data-id=\"334f869\" data-element_type=\"widget\" data-widget_type=\"heading.default\">\n<div>\n<h4>\u00a0<\/h4>\n<h4>Durada de la conservaci\u00f3 de les dades de car\u00e0cter personal<\/h4>\n<div>Les vostres dades de car\u00e0cter personal es conservaran durant el temps considerat \u00fatil per a l&#8217;execuci\u00f3 de la prestaci\u00f3 sol\u00b7licitada o per a la gesti\u00f3 d&#8217;activitats administratives posteriors. loaniconsulting.es es compromet a tractar de manera confidencial les dades de car\u00e0cter personal facilitades i tornar-les a l&#8217;interessat o destruir una vegada finalitzada la relaci\u00f3 contractual.<\/div>\n<\/div>\n<\/div>\n<div data-id=\"e8a27d6\" data-element_type=\"widget\" data-widget_type=\"text-editor.default\">\n<div data-id=\"208b65a\" data-element_type=\"widget\" data-widget_type=\"text-editor.default\">\u00a0<\/div>\n<\/div>\n<div data-id=\"71d791d\" data-element_type=\"widget\" data-widget_type=\"heading.default\">\n<div>\n<h4>\u00a0<\/h4>\n<h4>Drets de l&#8217;interessat i revocaci\u00f3 del consentiment prestat<\/h4>\n<\/div>\n<\/div>\n<div data-id=\"e820854\" data-element_type=\"widget\" data-widget_type=\"text-editor.default\">\n<div>\n<div data-id=\"208b65a\" data-element_type=\"widget\" data-widget_type=\"text-editor.default\">\n<p>Vost\u00e8 t\u00e9 dret a sol\u00b7licitar al titular, en qualsevol moment, l&#8217;acc\u00e9s a les vostres dades, aix\u00ed com la rectificaci\u00f3, la cancel\u00b7laci\u00f3 o la portabilitat d&#8217;aquestes. Aix\u00ed mateix, t\u00e9 dret a sol\u00b7licitar la limitaci\u00f3 del tractament o oposar-s&#8217;hi. A m\u00e9s, podreu revocar en qualsevol moment els consentiments prestats a trav\u00e9s de la present nota informativa, dirigint la vostra sol\u00b7licitud a info@loaniconsulting.es, aportant acreditaci\u00f3 de la vostra identitat. En cas que considereu que les vostres dades hagin estat tractades de manera il\u00b7leg\u00edtima, teniu dret a dirigir-vos a l&#8217;Autoritat de Control per presentar una reclamaci\u00f3.<\/p>\n<p>\u00a0<\/p>\n<h4>Processos de decisi\u00f3 automatitzats. Consentiment expr\u00e9s<\/h4>\n<\/div>\n<\/div>\n<\/div>\n<div data-id=\"481a46e\" data-element_type=\"widget\" data-widget_type=\"heading.default\">\n<div>El titular no utilitza, de cap manera, processos de decisi\u00f3 automatitzats concernents a les vostres dades de car\u00e0cter personal. Amb l&#8217;enviament de les vostres dades de car\u00e0cter personal a trav\u00e9s del nostre formulari a la web, en doneu fe de l&#8217;exactitud i actualitzaci\u00f3, que ha estat informat de forma comprensible, precisa i inequ\u00edvoca de l&#8217;\u00fas i tractament que s&#8217;aplicaran a les vostres dades , dels drets que us assisteixen i que d\u00f3na el vostre consentiment expr\u00e9s per a loaniconsulting.es els pugui utilitzar \u00fanicament i exclusivament per a la fi concreta del servei contractat.<\/div>\n<\/div>\t\t\t\t\t\t\t\t<\/div>\n\t\t\t\t<\/div>\n\t\t\t\t\t<\/div>\n\t\t\t\t<\/div>\n\t\t\t\t<\/div>\n\t\t","protected":false},"excerpt":{"rendered":"<p>En compliment del que estableix la Llei Org\u00e0nica 15\/1999, de 13 de desembre, de protecci\u00f3 de dades de car\u00e0cter personal i del Reglament Europeu UE 2016\/679 us informem del seg\u00fcent: \u00a0 \u00a0 \u00a0 Identitat i dades de contacte del responsable del tractament Comuniquem que les dades que vost\u00e8 ens faciliti quedaran incorporades i seran tractades&hellip;<\/p>\n","protected":false},"author":1,"featured_media":0,"parent":0,"menu_order":0,"comment_status":"closed","ping_status":"closed","template":"","meta":{"_joinchat":[],"footnotes":""},"class_list":["post-14151","page","type-page","status-publish","hentry"],"_links":{"self":[{"href":"https:\/\/loaniconsulting.es\/ca\/wp-json\/wp\/v2\/pages\/14151","targetHints":{"allow":["GET"]}}],"collection":[{"href":"https:\/\/loaniconsulting.es\/ca\/wp-json\/wp\/v2\/pages"}],"about":[{"href":"https:\/\/loaniconsulting.es\/ca\/wp-json\/wp\/v2\/types\/page"}],"author":[{"embeddable":true,"href":"https:\/\/loaniconsulting.es\/ca\/wp-json\/wp\/v2\/users\/1"}],"replies":[{"embeddable":true,"href":"https:\/\/loaniconsulting.es\/ca\/wp-json\/wp\/v2\/comments?post=14151"}],"version-history":[{"count":0,"href":"https:\/\/loaniconsulting.es\/ca\/wp-json\/wp\/v2\/pages\/14151\/revisions"}],"wp:attachment":[{"href":"https:\/\/loaniconsulting.es\/ca\/wp-json\/wp\/v2\/media?parent=14151"}],"curies":[{"name":"wp","href":"https:\/\/api.w.org\/{rel}","templated":true}]}}